{"id":1484,"date":"2023-08-27T13:08:59","date_gmt":"2023-08-27T19:08:59","guid":{"rendered":"https:\/\/bio3d.pro\/?page_id=1484"},"modified":"2023-10-16T12:21:58","modified_gmt":"2023-10-16T18:21:58","slug":"lecturas-de-interes","status":"publish","type":"page","link":"https:\/\/bio3d.pro\/index.php\/lecturas-de-interes\/","title":{"rendered":"Blog Salud y ortopedia"},"content":{"rendered":"\n<div class=\"section-wrapper\" data-id=\"cyZ5cr\"><section class=\"wp-block-gutenverse-section guten-element guten-section guten-cyZ5cr layout-boxed align-stretch\"><div class=\"guten-background-overlay\"><\/div><div class=\"guten-shape-divider guten-shape-divider-top\"><\/div><div class=\"guten-shape-divider guten-shape-divider-bottom\"><\/div><div class=\"guten-container guten-column-gap-no\">\n<div class=\"wp-block-gutenverse-column guten-element guten-column guten-SXAUec\"><div class=\"guten-background-overlay\"><\/div><div class=\"sticky-wrapper\" data-id=\"SXAUec\"><div class=\"guten-column-wrapper\">\n<h2 class=\"wp-block-gutenverse-heading guten-element guten-ebFwha\">Caminando hacia nuestro bienestar<\/h2>\n\n\n\n<h2 class=\"wp-block-gutenverse-heading guten-element guten-6C08Mc\">blog<\/h2>\n\n\n\n<div class=\"guten-element gutenverse-text-editor guten-XrA8Lk\"><div class=\"text-content-inner\">\n<p class=\" eplus-wrapper\">Lecturas, tips e informaci\u00f3n relacionada con el mundo de la salud de los pies y ortopedia<\/p>\n<\/div><\/div>\n<\/div><\/div><\/div>\n\n\n\n<div class=\"wp-block-gutenverse-column guten-element guten-column guten-eGXS7L\"><div class=\"guten-background-overlay\"><\/div><div class=\"sticky-wrapper\" data-id=\"eGXS7L\"><div class=\"guten-column-wrapper\"><\/div><\/div><\/div>\n<\/div><\/section><\/div>\n\n\n\n<div class=\"section-wrapper\" data-id=\"TSlAlP\"><section class=\"wp-block-gutenverse-section guten-element guten-section guten-TSlAlP layout-boxed align-stretch\"><div class=\"guten-background-overlay\"><\/div><div class=\"guten-shape-divider guten-shape-divider-top\"><\/div><div class=\"guten-shape-divider guten-shape-divider-bottom\"><\/div><div class=\"guten-container guten-column-gap-default\">\n<div class=\"wp-block-gutenverse-column guten-element guten-column guten-3xCuhY\"><div class=\"guten-background-overlay\"><\/div><div class=\"sticky-wrapper\" data-id=\"3xCuhY\"><div class=\"guten-column-wrapper\">\n<div class=\"section-wrapper\" data-id=\"MCRBln\"><section class=\"wp-block-gutenverse-section guten-element guten-section guten-MCRBln layout-boxed align-stretch\"><div class=\"guten-background-overlay\"><\/div><div class=\"guten-shape-divider guten-shape-divider-top\"><\/div><div class=\"guten-shape-divider guten-shape-divider-bottom\"><\/div><div class=\"guten-container guten-column-gap-default\">\n<div class=\"wp-block-gutenverse-column guten-element guten-column guten-NGA1QO\"><div class=\"guten-background-overlay\"><\/div><div class=\"sticky-wrapper\" data-id=\"NGA1QO\"><div class=\"guten-column-wrapper\">\n<div class=\"section-wrapper\" data-id=\"jE5fRc\"><section class=\"wp-block-gutenverse-section guten-element guten-section guten-jE5fRc layout-boxed align-stretch\"><div class=\"guten-background-overlay\"><\/div><div class=\"guten-shape-divider guten-shape-divider-top\"><\/div><div class=\"guten-shape-divider guten-shape-divider-bottom\"><\/div><div class=\"guten-container guten-column-gap-default\">\n<div class=\"wp-block-gutenverse-column guten-element guten-column guten-KhvMhz\"><div class=\"guten-background-overlay\"><\/div><div class=\"sticky-wrapper\" data-id=\"KhvMhz\"><div class=\"guten-column-wrapper\"><div  class=\"gutenverse guten-postblock postblock-type-3 guten-pagination-disable  post-element guten-bFmozG\"  data-id=\"guten-bFmozG\" data-settings=\"{&quot;numberPost&quot;:&quot;12&quot;,&quot;postOffset&quot;:&quot;&quot;,&quot;excludePost&quot;:[{&quot;label&quot;:&quot;Bio&quot;,&quot;value&quot;:30}],&quot;categoryPosition&quot;:&quot;left&quot;,&quot;excerptLength&quot;:&quot;23&quot;,&quot;metaAuthorEnabled&quot;:false,&quot;postblockType&quot;:&quot;type-3&quot;,&quot;inheritQuery&quot;:true,&quot;postType&quot;:&quot;post&quot;,&quot;includePost&quot;:[],&quot;includeCategory&quot;:[],&quot;excludeCategory&quot;:[],&quot;includeAuthor&quot;:[],&quot;includeTag&quot;:[],&quot;excludeTag&quot;:[],&quot;htmlTag&quot;:&quot;h3&quot;,&quot;categoryEnabled&quot;:true,&quot;excerptEnabled&quot;:true,&quot;excerptMore&quot;:&quot;...&quot;,&quot;readmoreEnabled&quot;:true,&quot;readmoreIcon&quot;:&quot;fas fa-arrow-right&quot;,&quot;readmoreIconPosition&quot;:&quot;after&quot;,&quot;readmoreText&quot;:&quot;Read More&quot;,&quot;commentEnabled&quot;:false,&quot;commentIcon&quot;:&quot;fas fa-comment&quot;,&quot;commentIconPosition&quot;:&quot;before&quot;,&quot;metaEnabled&quot;:true,&quot;metaAuthorByText&quot;:&quot;by&quot;,&quot;metaAuthorIcon&quot;:&quot;fas fa-user&quot;,&quot;metaAuthorIconPosition&quot;:&quot;before&quot;,&quot;metaDateEnabled&quot;:true,&quot;metaDateType&quot;:&quot;published&quot;,&quot;metaDateFormat&quot;:&quot;default&quot;,&quot;metaDateFormatCustom&quot;:&quot;&quot;,&quot;metaDateIcon&quot;:&quot;fas fa-clock&quot;,&quot;metaDateIconPosition&quot;:&quot;before&quot;,&quot;paginationMode&quot;:&quot;disable&quot;,&quot;paginationLoadmoreText&quot;:&quot;Load More&quot;,&quot;paginationLoadingText&quot;:&quot;Loading...&quot;,&quot;paginationNumberPost&quot;:3,&quot;paginationScrollLimit&quot;:0,&quot;paginationIcon&quot;:&quot;&quot;,&quot;paginationIconPosition&quot;:&quot;before&quot;,&quot;paged&quot;:1,&quot;class&quot;:null}\"><div class=\"guten-block-container\">\n            <div class=\"guten-posts guten-ajax-flag\">\n            <article class=\"guten-post post-1811 post type-post status-publish format-standard has-post-thumbnail hentry category-blog tag-ortopedia tag-pie-plano tag-plantillas tag-podologia tag-podologo tag-que-es-un-podologo\">\n                    <div class=\"guten-thumb\"><a href=\"javascript:void(0);\" data-href=\"https:\/\/bio3d.pro\/index.php\/2023\/09\/05\/1811\/\"><div class=\"thumbnail-container \">\n            <img loading=\"lazy\" decoding=\"async\" width=\"2560\" height=\"1436\" src=\"https:\/\/bio3d.pro\/wp-content\/uploads\/2023\/09\/AdobeStock_598217100-scaled.jpeg\" class=\"attachment-post-thumbnail size-post-thumbnail wp-post-image\" alt=\"Plantillas ortop\u00e9dicas en Portoviejo\" srcset=\"https:\/\/bio3d.pro\/wp-content\/uploads\/2023\/09\/AdobeStock_598217100-scaled.jpeg 2560w, https:\/\/bio3d.pro\/wp-content\/uploads\/2023\/09\/AdobeStock_598217100-300x168.jpeg 300w, https:\/\/bio3d.pro\/wp-content\/uploads\/2023\/09\/AdobeStock_598217100-1024x574.jpeg 1024w, https:\/\/bio3d.pro\/wp-content\/uploads\/2023\/09\/AdobeStock_598217100-768x431.jpeg 768w, https:\/\/bio3d.pro\/wp-content\/uploads\/2023\/09\/AdobeStock_598217100-1536x861.jpeg 1536w, https:\/\/bio3d.pro\/wp-content\/uploads\/2023\/09\/AdobeStock_598217100-2048x1149.jpeg 2048w\" sizes=\"(max-width: 2560px) 100vw, 2560px\" \/>\n\t\t\t<div class=\"guten-overlay\"><\/div>\n        <\/div><\/a><div class=\"guten-post-category position-left\"><span><a href=\"javascript:void(0);\" data-href=\"https:\/\/bio3d.pro\/index.php\/category\/blog\/\" class=\"category-blog\">Blog<\/a><\/span><\/div><\/div>\n                    <div class=\"guten-postblock-content\"><h3 class=\"guten-post-title\"><a href=\"javascript:void(0);\" data-href=\"https:\/\/bio3d.pro\/index.php\/2023\/09\/05\/1811\/\">Y&#8230; \u00bfQu\u00e9  hace un pod\u00f3logo?<\/a><\/h3>\n                <div class=\"guten-post-meta\"><div class=\"guten-meta-date icon-position-before\"><i aria-hidden=\"true\" class=\"fas fa-clock\"><\/i>05\/09\/2023<\/div><\/div><div class=\"guten-post-excerpt\"><p>La podolog\u00eda es una rama especializada de la medicina que se enfoca en el diagn\u00f3stico, tratamiento y prevenci\u00f3n de condiciones y trastornos relacionados&#8230;<\/p><\/div>\n            <div class=\"guten-post-meta-bottom\">\n                <div class=\"guten-meta-readmore icon-position-after\">\n                <a href=\"javascript:void(0);\" data-href=\"https:\/\/bio3d.pro\/index.php\/2023\/09\/05\/1811\/\" class=\"guten-readmore\">Read More<i aria-hidden=\"true\" class=\"fas fa-arrow-right\"><\/i><\/a>\n            <\/div>\n            <\/div><\/div>\n                <\/article><article class=\"guten-post post-1773 post type-post status-publish format-standard has-post-thumbnail hentry category-blog tag-cuidado-de-los-pies\">\n                    <div class=\"guten-thumb\"><a href=\"javascript:void(0);\" data-href=\"https:\/\/bio3d.pro\/index.php\/2023\/09\/04\/1773\/\"><div class=\"thumbnail-container \">\n            <img loading=\"lazy\" decoding=\"async\" width=\"2560\" height=\"1707\" src=\"https:\/\/bio3d.pro\/wp-content\/uploads\/2023\/09\/Cuidado-de-los-pies-scaled.jpeg\" class=\"attachment-post-thumbnail size-post-thumbnail wp-post-image\" alt=\"Sabes como cuidar tus pies\" srcset=\"https:\/\/bio3d.pro\/wp-content\/uploads\/2023\/09\/Cuidado-de-los-pies-scaled.jpeg 2560w, https:\/\/bio3d.pro\/wp-content\/uploads\/2023\/09\/Cuidado-de-los-pies-300x200.jpeg 300w, https:\/\/bio3d.pro\/wp-content\/uploads\/2023\/09\/Cuidado-de-los-pies-1024x683.jpeg 1024w, https:\/\/bio3d.pro\/wp-content\/uploads\/2023\/09\/Cuidado-de-los-pies-768x512.jpeg 768w, https:\/\/bio3d.pro\/wp-content\/uploads\/2023\/09\/Cuidado-de-los-pies-1536x1024.jpeg 1536w, https:\/\/bio3d.pro\/wp-content\/uploads\/2023\/09\/Cuidado-de-los-pies-2048x1365.jpeg 2048w\" sizes=\"(max-width: 2560px) 100vw, 2560px\" \/>\n\t\t\t<div class=\"guten-overlay\"><\/div>\n        <\/div><\/a><div class=\"guten-post-category position-left\"><span><a href=\"javascript:void(0);\" data-href=\"https:\/\/bio3d.pro\/index.php\/category\/blog\/\" class=\"category-blog\">Blog<\/a><\/span><\/div><\/div>\n                    <div class=\"guten-postblock-content\"><h3 class=\"guten-post-title\"><a href=\"javascript:void(0);\" data-href=\"https:\/\/bio3d.pro\/index.php\/2023\/09\/04\/1773\/\">\u00bfQu\u00e9 sabes sobre el cuidado de los pies? Plantillas Ortop\u00e9dicas a medida<\/a><\/h3>\n                <div class=\"guten-post-meta\"><div class=\"guten-meta-date icon-position-before\"><i aria-hidden=\"true\" class=\"fas fa-clock\"><\/i>04\/09\/2023<\/div><\/div><div class=\"guten-post-excerpt\"><p>\u00bfQu\u00e9 sabes sobre el cuidado de los pies? Recuerda que el cuidado de los pies no se trata solo de abordar problemas cuando&#8230;<\/p><\/div>\n            <div class=\"guten-post-meta-bottom\">\n                <div class=\"guten-meta-readmore icon-position-after\">\n                <a href=\"javascript:void(0);\" data-href=\"https:\/\/bio3d.pro\/index.php\/2023\/09\/04\/1773\/\" class=\"guten-readmore\">Read More<i aria-hidden=\"true\" class=\"fas fa-arrow-right\"><\/i><\/a>\n            <\/div>\n            <\/div><\/div>\n                <\/article><article class=\"guten-post post-1734 post type-post status-publish format-standard has-post-thumbnail hentry category-blog tag-problemas-ortopedicos-en-los-pies tag-tratamiento-ortopedico-personalizado\">\n                    <div class=\"guten-thumb\"><a href=\"javascript:void(0);\" data-href=\"https:\/\/bio3d.pro\/index.php\/2023\/09\/04\/un-silencioso-desconocimiento-problemas-ortopedicos-en-los-pies\/\"><div class=\"thumbnail-container \">\n            <img loading=\"lazy\" decoding=\"async\" width=\"2560\" height=\"1707\" src=\"https:\/\/bio3d.pro\/wp-content\/uploads\/2023\/08\/AdobeStock_85563615-scaled.jpeg\" class=\"attachment-post-thumbnail size-post-thumbnail wp-post-image\" alt=\"Salud de los pies y problemas ortop\u00e9dicos\" srcset=\"https:\/\/bio3d.pro\/wp-content\/uploads\/2023\/08\/AdobeStock_85563615-scaled.jpeg 2560w, https:\/\/bio3d.pro\/wp-content\/uploads\/2023\/08\/AdobeStock_85563615-300x200.jpeg 300w, https:\/\/bio3d.pro\/wp-content\/uploads\/2023\/08\/AdobeStock_85563615-1024x683.jpeg 1024w, https:\/\/bio3d.pro\/wp-content\/uploads\/2023\/08\/AdobeStock_85563615-768x512.jpeg 768w, https:\/\/bio3d.pro\/wp-content\/uploads\/2023\/08\/AdobeStock_85563615-1536x1024.jpeg 1536w, https:\/\/bio3d.pro\/wp-content\/uploads\/2023\/08\/AdobeStock_85563615-2048x1365.jpeg 2048w\" sizes=\"(max-width: 2560px) 100vw, 2560px\" \/>\n\t\t\t<div class=\"guten-overlay\"><\/div>\n        <\/div><\/a><div class=\"guten-post-category position-left\"><span><a href=\"javascript:void(0);\" data-href=\"https:\/\/bio3d.pro\/index.php\/category\/blog\/\" class=\"category-blog\">Blog<\/a><\/span><\/div><\/div>\n                    <div class=\"guten-postblock-content\"><h3 class=\"guten-post-title\"><a href=\"javascript:void(0);\" data-href=\"https:\/\/bio3d.pro\/index.php\/2023\/09\/04\/un-silencioso-desconocimiento-problemas-ortopedicos-en-los-pies\/\">Un silencioso desconocimiento: Tratamiento ortop\u00e9dico personalizado<\/a><\/h3>\n                <div class=\"guten-post-meta\"><div class=\"guten-meta-date icon-position-before\"><i aria-hidden=\"true\" class=\"fas fa-clock\"><\/i>04\/09\/2023<\/div><\/div><div class=\"guten-post-excerpt\"><p>Un silencioso desconocimiento: Problemas ortop\u00e9dicos en los pies A pesar de ser una parte fundamental de nuestro cuerpo, los pies suelen ser ignorados&#8230;<\/p><\/div>\n            <div class=\"guten-post-meta-bottom\">\n                <div class=\"guten-meta-readmore icon-position-after\">\n                <a href=\"javascript:void(0);\" data-href=\"https:\/\/bio3d.pro\/index.php\/2023\/09\/04\/un-silencioso-desconocimiento-problemas-ortopedicos-en-los-pies\/\" class=\"guten-readmore\">Read More<i aria-hidden=\"true\" class=\"fas fa-arrow-right\"><\/i><\/a>\n            <\/div>\n            <\/div><\/div>\n                <\/article><article class=\"guten-post post-1505 post type-post status-publish format-standard has-post-thumbnail hentry category-blog tag-como-cuidar-los-pies tag-cuidado-de-los-pies tag-enfermedades-en-los-pies tag-enfermedades-pies tag-fascitis-plantar tag-hongos-en-la-unas tag-juanetes tag-ortopedia-manta tag-ortopedia-portoviejo tag-patologias-de-los-pies tag-patologias-del-pie tag-patologias-pies tag-plantillas-manta tag-plantillas-portoviejo tag-podologo-portoviejo tag-prevencion-pies\">\n                    <div class=\"guten-thumb\"><a href=\"javascript:void(0);\" data-href=\"https:\/\/bio3d.pro\/index.php\/2023\/08\/27\/cuidado-y-prevencion-de-patologias-del-pie-caminando-hacia-la-salud\/\"><div class=\"thumbnail-container \">\n            <img loading=\"lazy\" decoding=\"async\" width=\"2560\" height=\"1707\" src=\"https:\/\/bio3d.pro\/wp-content\/uploads\/2023\/08\/Patologias-del-pie-scaled.jpeg\" class=\"attachment-post-thumbnail size-post-thumbnail wp-post-image\" alt=\"Plantillas ortop\u00e9dicas a medida\" srcset=\"https:\/\/bio3d.pro\/wp-content\/uploads\/2023\/08\/Patologias-del-pie-scaled.jpeg 2560w, https:\/\/bio3d.pro\/wp-content\/uploads\/2023\/08\/Patologias-del-pie-300x200.jpeg 300w, https:\/\/bio3d.pro\/wp-content\/uploads\/2023\/08\/Patologias-del-pie-1024x683.jpeg 1024w, https:\/\/bio3d.pro\/wp-content\/uploads\/2023\/08\/Patologias-del-pie-768x512.jpeg 768w, https:\/\/bio3d.pro\/wp-content\/uploads\/2023\/08\/Patologias-del-pie-1536x1024.jpeg 1536w, https:\/\/bio3d.pro\/wp-content\/uploads\/2023\/08\/Patologias-del-pie-2048x1365.jpeg 2048w\" sizes=\"(max-width: 2560px) 100vw, 2560px\" \/>\n\t\t\t<div class=\"guten-overlay\"><\/div>\n        <\/div><\/a><div class=\"guten-post-category position-left\"><span><a href=\"javascript:void(0);\" data-href=\"https:\/\/bio3d.pro\/index.php\/category\/blog\/\" class=\"category-blog\">Blog<\/a><\/span><\/div><\/div>\n                    <div class=\"guten-postblock-content\"><h3 class=\"guten-post-title\"><a href=\"javascript:void(0);\" data-href=\"https:\/\/bio3d.pro\/index.php\/2023\/08\/27\/cuidado-y-prevencion-de-patologias-del-pie-caminando-hacia-la-salud\/\">Cuidado y prevenci\u00f3n: patolog\u00edas del pie:<\/a><\/h3>\n                <div class=\"guten-post-meta\"><div class=\"guten-meta-date icon-position-before\"><i aria-hidden=\"true\" class=\"fas fa-clock\"><\/i>27\/08\/2023<\/div><\/div><div class=\"guten-post-excerpt\"><p>Nuestros pies son una maravilla de la ingenier\u00eda biomec\u00e1nica, soportando nuestro peso y llev\u00e1ndonos a donde necesitamos ir d\u00eda tras d\u00eda. Sin embargo,&#8230;<\/p><\/div>\n            <div class=\"guten-post-meta-bottom\">\n                <div class=\"guten-meta-readmore icon-position-after\">\n                <a href=\"javascript:void(0);\" data-href=\"https:\/\/bio3d.pro\/index.php\/2023\/08\/27\/cuidado-y-prevencion-de-patologias-del-pie-caminando-hacia-la-salud\/\" class=\"guten-readmore\">Read More<i aria-hidden=\"true\" class=\"fas fa-arrow-right\"><\/i><\/a>\n            <\/div>\n            <\/div><\/div>\n                <\/article>\n        <\/div>\n        <\/div><\/div><\/div><\/div><\/div>\n<\/div><\/section><\/div>\n<\/div><\/div><\/div>\n<\/div><\/section><\/div>\n<\/div><\/div><\/div>\n<\/div><\/section><\/div>\n","protected":false},"excerpt":{"rendered":"","protected":false},"author":1,"featured_media":1516,"parent":0,"menu_order":0,"comment_status":"closed","ping_status":"closed","template":"blog","meta":{"editor_plus_copied_stylings":"{}","footnotes":""},"_links":{"self":[{"href":"https:\/\/bio3d.pro\/index.php\/wp-json\/wp\/v2\/pages\/1484"}],"collection":[{"href":"https:\/\/bio3d.pro\/index.php\/wp-json\/wp\/v2\/pages"}],"about":[{"href":"https:\/\/bio3d.pro\/index.php\/wp-json\/wp\/v2\/types\/page"}],"author":[{"embeddable":true,"href":"https:\/\/bio3d.pro\/index.php\/wp-json\/wp\/v2\/users\/1"}],"replies":[{"embeddable":true,"href":"https:\/\/bio3d.pro\/index.php\/wp-json\/wp\/v2\/comments?post=1484"}],"version-history":[{"count":5,"href":"https:\/\/bio3d.pro\/index.php\/wp-json\/wp\/v2\/pages\/1484\/revisions"}],"predecessor-version":[{"id":2472,"href":"https:\/\/bio3d.pro\/index.php\/wp-json\/wp\/v2\/pages\/1484\/revisions\/2472"}],"wp:featuredmedia":[{"embeddable":true,"href":"https:\/\/bio3d.pro\/index.php\/wp-json\/wp\/v2\/media\/1516"}],"wp:attachment":[{"href":"https:\/\/bio3d.pro\/index.php\/wp-json\/wp\/v2\/media?parent=1484"}],"curies":[{"name":"wp","href":"https:\/\/api.w.org\/{rel}","templated":true}]}}